{"id":51219,"date":"2021-09-09T06:53:30","date_gmt":"2021-09-09T06:53:30","guid":{"rendered":"https:\/\/starklogistics.ee\/privacy-policy\/"},"modified":"2024-03-21T12:02:40","modified_gmt":"2024-03-21T12:02:40","slug":"privacy-policy","status":"publish","type":"page","link":"https:\/\/starklogistics.ee\/en\/privacy-policy\/","title":{"rendered":"Privacy policy"},"content":{"rendered":"<section class=\"content-type1\">\r\n    <div class=\"container\">\r\n      <div data-anim=\"fadeIn\" data-delay=\"50\">\r\n        <div class=\"row\">\r\n          <div class=\"col-lg-9\">\r\n            <p><strong>Stark Logistics AS ja Stark Warehousing O\u00dc<\/strong><\/p>\n<p><strong>Privaatsuspoliitika <\/strong><\/p>\n<p><strong>\u00a0<\/strong><\/p>\n<p>Kehtiv alates 14.02.2024<\/p>\n<p>&nbsp;<\/p>\n<p><strong>SISSEJUHATUS<\/strong><\/p>\n<p>K\u00e4esolev isikuandmete t\u00f6\u00f6tlemise tingimuste dokument (edaspidi \u201e<strong>tingimused<\/strong>\u201c) kirjeldab <strong>Stark Logistics AS<\/strong>, registrikoodiga 10111769 ja <strong>Stark Warehousing O\u00dc<\/strong>, registrikoodiga 16286607 (edaspidi m\u00f5lemale viidatud ka kui \u201e<strong>Stark<\/strong>\u201c, mille all on peetud silmas vastavalt Stark Warehousing O\u00dc-d v\u00f5i Stark Logistic AS-i, kes on konkreetsel juhul isikuandmete vastutav t\u00f6\u00f6tleja) isikuandmete \u00fcldtingimusi.<\/p>\n<p>Tingimuste eesm\u00e4rk on anda selget ja l\u00e4bipaistvat teavet selle kohta, kuidas Stark Teie isikuandmeid t\u00f6\u00f6tleb, kui kasutate meie teenuseid.<\/p>\n<p>Kui Teil tekib t\u00e4psustavaid k\u00fcsimusi selle kohta, kuidas me Teie isikuandmeid t\u00f6\u00f6tleme v\u00f5i kui Te soovite esitada meile Teie isikuandmete t\u00f6\u00f6tlemisega kaasnevate \u00f5iguste teostamiseks taotlusi, v\u00f5tke meiega \u00fchendust allpool jaotises \u201eKontakt\u201c toodud kontaktandmetel.<\/p>\n<p>Stark v\u00f5ib k\u00e4esolevaid isikuandmete t\u00f6\u00f6tlemise tingimusi aeg-ajalt muuta. Ajakohased isikuandmete t\u00f6\u00f6tlemise tingimused on avaldatud veebilehel <a href=\"https:\/\/starklogistics.ee\/\">https:\/\/starklogistics.ee\/<\/a>.<\/p>\n<p>&nbsp;<\/p>\n<ol>\n<li><strong>M\u00d5ISTED<\/strong><\/li>\n<\/ol>\n<table>\n<tbody>\n<tr>\n<td width=\"131\"><strong>\u201eIK\u00dcM\u201c<\/strong><\/td>\n<td width=\"422\">Euroopa Parlamendi ja n\u00f5ukogu m\u00e4\u00e4rus (EL) 2016\/679, 27. aprill 2016, f\u00fc\u00fcsiliste isikute kaitse kohta isikuandmete t\u00f6\u00f6tlemisel ja selliste andmete vaba liikumise ning direktiivi 95\/46\/E\u00dc kehtetuks tunnistamise kohta (isikuandmete kaitse \u00fcldm\u00e4\u00e4rus).<\/p>\n<p>&nbsp;<\/td>\n<\/tr>\n<tr>\n<td width=\"131\"><strong>\u201eisikuandmed\u201c<\/strong><\/td>\n<td width=\"422\">Igasugune teave tuvastatud v\u00f5i tuvastatava f\u00fc\u00fcsilise isiku (\u201eandmesubjekti\u201c) kohta; tuvastatav f\u00fc\u00fcsiline isik on isik, keda saab otseselt v\u00f5i kaudselt tuvastada, eelk\u00f5ige sellise identifitseerimistunnuse p\u00f5hjal nagu nimi, isikukood, asukohateave, v\u00f5rguidentifikaator v\u00f5i selle f\u00fc\u00fcsilise isiku \u00fche v\u00f5i mitme f\u00fc\u00fcsilise, f\u00fcsioloogilise, geneetilise, vaimse, majandusliku, kultuurilise v\u00f5i sotsiaalse tunnuse p\u00f5hjal.<\/p>\n<p>&nbsp;<\/td>\n<\/tr>\n<tr>\n<td width=\"131\"><strong>\u201ekehtiv \u00f5igus\u201c<\/strong><\/td>\n<td width=\"422\">K\u00f5ik kehtivad Euroopa Liidu \u00f5igusaktid ning k\u00f5ik kehtivad Eesti Vabariigi \u00f5igusaktid, sealhulgas, kuid mitte ainult, IK\u00dcM-i riigisisesed rakendusaktid, mis kehtivad k\u00e4esolevate tingimuste kehtivuse ajal v\u00f5i hakkavad kehtima p\u00e4rast tingimuste kehtestamist.<\/p>\n<p>&nbsp;<\/td>\n<\/tr>\n<tr>\n<td width=\"131\"><strong>\u201eStark Logistics\u201c<\/strong><\/td>\n<td width=\"422\">Stark Logistics AS (registrikood 10111769, aadress Meistri tee 5, 76617 Harju maakond, Eesti).<\/p>\n<p>&nbsp;<\/td>\n<\/tr>\n<tr>\n<td width=\"131\"><strong>\u201eStark Warehousing\u201c<\/strong><\/td>\n<td width=\"422\">Stark Warehousing O\u00dc (registrikood 16286607, aadress Meistri tee 5, 76617 Harju maakond, Eesti).<\/p>\n<p>&nbsp;<\/td>\n<\/tr>\n<tr>\n<td width=\"131\"><strong>\u201evastutav t\u00f6\u00f6tleja\u201c<\/strong><\/td>\n<td width=\"422\">F\u00fc\u00fcsiline v\u00f5i juriidiline isik, avaliku sektori asutus, amet v\u00f5i muu organ, kes \u00fcksi v\u00f5i koos teistega m\u00e4\u00e4rab kindlaks Isikuandmete t\u00f6\u00f6tlemise eesm\u00e4rgid ja vahendid. K\u00e4esolevate tingimuste t\u00e4henduses on t\u00f6\u00f6taja isikuandmete vastutavaks t\u00f6\u00f6tlejaks Stark Logistics ja Stark Warehousing.<\/p>\n<p>&nbsp;<\/td>\n<\/tr>\n<tr>\n<td width=\"131\"><strong>\u201evolitatud t\u00f6\u00f6tleja\u201c<\/strong><\/td>\n<td width=\"422\">F\u00fc\u00fcsiline v\u00f5i juriidiline isik, avaliku sektori asutus, amet v\u00f5i muu organ, kes t\u00f6\u00f6tleb isikuandmeid vastutava t\u00f6\u00f6tleja nimel.<\/p>\n<p><strong>\u00a0<\/strong><\/td>\n<\/tr>\n<tr>\n<td width=\"131\"><strong>\u201eveebileht\u201c<\/strong><\/td>\n<td width=\"422\">Stark Logistics ja Stark Warehousing veebileht <a href=\"https:\/\/starklogistics.ee\/\">https:\/\/starklogistics.ee\/<\/a>.<\/td>\n<\/tr>\n<\/tbody>\n<\/table>\n<p>&nbsp;<\/p>\n<p>&nbsp;<\/p>\n<ol start=\"2\">\n<li><strong>MILLAL JA MILLISTEL EESM\u00c4RKIDEL ME ISIKUANDMEID T\u00d6\u00d6TLEME?<\/strong><\/li>\n<\/ol>\n<ul>\n<li>Stark t\u00f6\u00f6tleb isikuandmeid eelk\u00f5ige teenuse osutamiseks oma klientidele ja koost\u00f6\u00f6partneritele ja lepinguliste kohustuste t\u00e4itmiseks. Kui Starki kliendid v\u00f5i koost\u00f6\u00f6partnerid on andmesubjektid, siis on isikuandmete t\u00f6\u00f6tlemise \u00f5iguslik alus IK\u00dcM artikkel 6 lg 1 punkt b &#8211; isikuandmete t\u00f6\u00f6tlemine on vajalik andmesubjekti osalusel s\u00f5lmitud lepingu t\u00e4itmiseks v\u00f5i lepingu s\u00f5lmimisele eelnevate meetmete v\u00f5tmiseks vastavalt andmesubjekti taotlusele. Kui klient v\u00f5i koost\u00f6\u00f6partner on juriidiline isik, siis t\u00f6\u00f6tleme andmeid, mis on vajalikud esindus\u00f5iguse kindlakstegemiseks, millise t\u00f6\u00f6tlemise \u00f5iguslik alus on \u00f5igustatud huvi IK\u00dcM artikkel 6 lg 1 punkt f alusel.<\/li>\n<li>Stark t\u00f6\u00f6tleb isikuandmeid ka siis, kui see on vajalik tema suhtes kehtivate juriidilise kohustuste t\u00e4itmiseks. N\u00e4iteks, kui Starkilt n\u00f5uab isikuandmeid kohus kehtiva kohtum\u00e4\u00e4ruse v\u00f5i kohtuotsuse alusel v\u00f5i kui isikuandmeid n\u00f5uab kehtiva m\u00e4\u00e4ruse alusel \u00f5iguskaitseorgan. Samuti, kui Stark on kohustatud s\u00e4ilitama isikuandmeid n\u00e4iteks raamatupidamise seaduse v\u00f5i muude kohalduvate \u00f5igusaktide alusel. Isikuandmete t\u00f6\u00f6tlemise \u00f5iguslik alusel sellise t\u00f6\u00f6tlemise korral on IK\u00dcM artikkel 6 lg 1 punkt c &#8211; isikuandmete t\u00f6\u00f6tlemine on vajalik vastutava t\u00f6\u00f6tleja juriidilise kohustuse t\u00e4itmiseks.<\/li>\n<li>Teatud juhtudel v\u00f5ib Stark t\u00f6\u00f6delda isikuandmeid ka siis, kui see on vajalik Starki \u00f5igustatud huvi korral. Isikuandmete t\u00f6\u00f6tlemise \u00f5iguslik alus on sellisel juhul IK\u00dcM artikkel 6 lg 1 punkt f.<\/li>\n<\/ul>\n<p>&nbsp;<\/p>\n<ol start=\"3\">\n<li><strong>ISIKUANDMETE S\u00c4ILITAMINE<\/strong><\/li>\n<\/ol>\n<ul>\n<li>Stark ei s\u00e4ilita isikuandmeid kauem, kui see on l\u00e4htuvalt isikuandmete t\u00f6\u00f6tlemise eesm\u00e4rgist v\u00f5i kehtiva \u00f5iguse alusel vajalik.<\/li>\n<li>Stark rakendab j\u00e4rgmiseid seadusest tulenevaid s\u00e4ilitamist\u00e4htaegasid:<\/li>\n<li>raamatupidamisseaduse alusel s\u00e4ilitame raamatupidamislikke dokumente 7 aastat;<\/li>\n<li>lepingu s\u00f5lmimisega seotud isikuandmeid, mille pikem s\u00e4ilitamist\u00e4htaeg ei tulene kehtivast \u00f5igusest, s\u00e4ilitame \u00fcldreegli kohaselt seni, kuni neid on vaja lepingu t\u00e4itmisega seoses lepingu kehtivuse jooksul v\u00f5i kuni 10 aasta jooksul p\u00e4rast lepingu l\u00f5ppemist tulenevalt Starki \u00f5igustatud huvist IK\u00dcM artikkel 6 lg 1 punkt f j\u00e4rgi ja tsiviilseadustiku \u00fcldosa seadusest tulenevast aegumist\u00e4htajast.<\/li>\n<li>K ui soovite saada detailsemat teavet Teiega seotud isikuandmete s\u00e4ilitamise t\u00e4htaegade kohta, v\u00f5tke palun meiega \u00fchendust alltoodud jaotises \u201eKontakt\u201c toodud kontaktandmete kaudu.<\/li>\n<\/ul>\n<p>&nbsp;<\/p>\n<ol start=\"4\">\n<li><strong><strong>\u00dcLEVAADE T\u00d6\u00d6DELDAVATEST ISIKUANDMETEST<\/strong><\/strong><\/li>\n<\/ol>\n<p>S\u00f5ltuvalt teie ja Starki vahelisest \u00f5igussuhtest, v\u00f5ib Stark t\u00f6\u00f6delda teie kohta j\u00e4rgmiseid andmeid:<\/p>\n<table width=\"642\">\n<tbody>\n<tr>\n<td width=\"119\"><strong>Eesm\u00e4rk<\/strong><\/td>\n<td width=\"142\"><strong>Kogutavad isikuandmed<\/strong><\/td>\n<td width=\"129\"><strong>\u00d5iguslik alus<\/strong><\/td>\n<td width=\"253\"><strong>S\u00e4ilitamist\u00e4htaeg<\/strong><\/td>\n<\/tr>\n<tr>\n<td width=\"119\">Teenuse pakkumine<\/td>\n<td width=\"142\"><strong>Kontaktandmed<\/strong>: nimi, e-postiaadress, telefon;<\/p>\n<p><strong>Lepingutingimused:<\/strong> tellitud teenus (lao- v\u00f5i veoteenus)<\/p>\n<p><strong>Makseandmed<\/strong>: teave kasutatava makseviisi kohta ja, kui soovite tasuda arvega, siis ka arve koostamiseks vajalikud andmed.<\/td>\n<td width=\"129\">IK\u00dcM artikkel 6 (1) (b), p\u00e4rast lepingu l\u00f5ppemist IK\u00dcM artikkel 6 (1) (f)<\/td>\n<td width=\"253\">3 aastat p\u00e4rast teenuse pakkumist<\/td>\n<\/tr>\n<tr>\n<td width=\"119\">Turvalisuse tagamine Stark Logistics AS ja Stark Warehousing O\u00dc territooriumidel<\/td>\n<td width=\"142\"><strong>Turvakaamera salvestised<\/strong>: kui viibite Stark Logistics AS ja Stark Warehousing O\u00dc territooriumidel, siis v\u00f5ime teie kujutist salvestada turvakaameratega (loe eraldi turvakaamerate kasutamise peat\u00fckk).<\/td>\n<td width=\"129\">IK\u00dcM artikkel 6 (1) (f)<\/td>\n<td width=\"253\">Kuni 30 p\u00e4eva salvestise tegemisest<\/td>\n<\/tr>\n<tr>\n<td width=\"119\">Rahuloluk\u00fcsitluse saatmine<\/td>\n<td width=\"142\"><strong>Kontaktandmed: <\/strong>nimi, e-postiaadress<\/td>\n<td width=\"129\">IK\u00dcM artikkel 6 (1) (b), p\u00e4rast lepingu l\u00f5ppemist IK\u00dcM artikkel 6 (1) (f)<\/td>\n<td width=\"253\">3 aastat p\u00e4rast teenuse pakkumist<\/td>\n<\/tr>\n<tr>\n<td width=\"119\">Veebilehel k\u00fcpsiste kaudu kogutud andmed<\/td>\n<td width=\"142\">Loe eraldi k\u00fcpsiste kasutamise peat\u00fckk<\/td>\n<td width=\"129\"><\/td>\n<td width=\"253\"><\/td>\n<\/tr>\n<\/tbody>\n<\/table>\n<p><strong>\u00a0<\/strong><\/p>\n<ol start=\"5\">\n<li><strong>ISIKUANDMETE EDASTAMINE JA VOLITATUD T\u00d6\u00d6TLEJATE KASUTAMINE<\/strong><\/li>\n<\/ol>\n<ul>\n<li>Stark ei edasta isikuandmeid kolmandatele isikutele, v\u00e4lja arvatud selleks kehtiva \u00f5iguse alusel seaduslikku \u00f5igust omades.<\/li>\n<li>Stark v\u00f5ib kasutada isikuandmete t\u00f6\u00f6tlemisel volitatud t\u00f6\u00f6tlejaid. Starki poolt m\u00e4\u00e4ratud volitatud t\u00f6\u00f6tlejad, kes v\u00f5ivad piiratud juhtudel isikuandmeid t\u00f6\u00f6delda, on n\u00e4iteks IT-teenuse osutajad (serveriteenuse pakkujad, IT tarkvara arendajad) v\u00f5i muud tugiteenuste osutajad (n\u00e4iteks turvafirmad). Stark kasutab volitatud t\u00f6\u00f6tlejatena \u00fcksnes selliseid koost\u00f6\u00f6partnereid, kelle usaldusv\u00e4\u00e4rsuses on Stark veendunud ja kes on v\u00f5tnud kohustuse t\u00f6\u00f6delda isikuandmeid koosk\u00f5las kehtiva \u00f5igusega.<\/li>\n<\/ul>\n<p>&nbsp;<\/p>\n<ol start=\"6\">\n<li><strong>TURVAKAAMERATE KASUTAMINE<\/strong><\/li>\n<\/ol>\n<ul>\n<li>Kehtiva \u00f5iguse alusel on Starkil \u00f5igus kasutada isikute ja vara kaitse eesm\u00e4rgil j\u00e4lgimisseadmestikku. Selleks kasutab Stark enda territooriumil turvakaameraid, millega seoses t\u00f6\u00f6tleme ka isikuandmeid.<\/li>\n<li>Turvakaamerate kasutamine on vajalik eelk\u00f5ige Starki territooriumil, sh turvalisuse tagamiseks, turvaintsidentide v\u00e4ltimiseks ning menetlemiseks ning Starki vara ja inimeste, sh t\u00f6\u00f6tajate, turvalisuse tagamiseks.<\/li>\n<li>\u00d5iguslik alus turvakaamerate kasutamiseks on Starki \u00f5igustatud huvi isikuandmete kaitse \u00fcldm\u00e4\u00e4ruse (IK\u00dcM) artikkel 6 l\u00f5ige 1 punkti f alusel.<\/li>\n<li>Starki j\u00e4lgimisseadmestik koosneb territooriumile paigaldatud kaameratest, mis salvestavad \u00fcksnes pilti, kaamerad heli ei salvesta.<\/li>\n<li>Stark kasutab kaameraid oma territooriumi \u00fcldkasutatavatel aladel, sh laoterritooriumil, v\u00e4literritooriumitel ja muudel t\u00f6\u00f6tajate v\u00f5i meie k\u00fclastajate poolt \u00fcldkasutatavatel aladel. Kaamerate kasutamise eesm\u00e4rk on j\u00e4lgida tegevust Starki territooriumil, sh valitud liikumisteedel hoonetes ning \u00f5uealadel.<\/li>\n<li>Turvakaameraid ei ole kunagi paigaldatud aladele, kus Stark t\u00f6\u00f6tajad, kliendid v\u00f5i teised isikud, kes v\u00f5ivad turvakaamera vaatev\u00e4lja sattuda, v\u00f5ivad eeldada t\u00e4ielikku privaatsust.<\/li>\n<li>Turvakaamerate kasutamise korral on turvakaamera j\u00e4lgimisalasse alati paigutatud silt kaamera kasutamise kohta, s.o silt, millel on kaamera kujutis ja\/v\u00f5i s\u00f5na \u201eVIDEOVALVE\u201c. Sildi puudumisel kaameraid ei kasutata.<\/li>\n<li>Stark ei edasta kaamerate salvestisi kolmandatele isikutele, v\u00e4lja arvatud, kui Stark on kehtiva \u00f5iguse alusel selleks \u00f5igustatud v\u00f5i kohustatud. N\u00e4iteks v\u00f5ib Stark edastada salvestisi ametiasutustele kehtiva \u00f5iguse alusel, n\u00e4iteks kui see on vajalik toimepandud \u00f5igusrikkumiste v\u00f5i muude intsidentide uurimiseks kehtiva \u00f5iguse alusel volitatud isikute poolt, n\u00e4iteks Politsei- ja Piirivalveameti poolt.<\/li>\n<li>Turvakaamerate salvestistele juurdep\u00e4\u00e4s on piiratud isikute ringiga, kes vajavad ligip\u00e4\u00e4su rangelt seoses enda t\u00f6\u00f6\u00fclesannete t\u00e4itmisega. N\u00e4iteks on juurdep\u00e4\u00e4s salvestitele Starki tehase juhil.<\/li>\n<li>Stark rakendab kaamerate salvestise s\u00e4ilitamisel m\u00f5istlikke organisatsioonilisi ja tehnilisi turvameetmeid, et kaitsta isikuandmeid tahtmatu, volitamata t\u00f6\u00f6tlemise v\u00f5i avalikuks tuleku eest. Salvestisi ei edastata Euroopa Liidust v\u00e4lja.<\/li>\n<li>Stark s\u00e4ilitab kaamerate salvestisi 30 p\u00e4eva alates salvestise tegemisest, v\u00e4lja arvatud, kui selle aja jooksul on algatatud menetlus samal perioodil toimepandud \u00f5igusrikkumise v\u00f5i muu intsidendi uurimiseks, millega seoses on vajalik konkreetse salvestise s\u00e4ilitamine pikema s\u00e4ilitamisperioodi jooksul.<\/li>\n<li>K\u00f5igil Starki t\u00f6\u00f6tajatel, klientidel v\u00f5i teistel kolmandatel isikutel, kes on viibinud Starki territooriumil ning kelle kujutist on Stark salvestanud, on \u00f5igus tema kujutist sisaldava salvestisega tutvuda. Starkil ei ole v\u00f5imalik v\u00e4ljastada t\u00f6\u00f6tajale v\u00f5i kolmandale isikule kaamera salvestist, kui salvestis on salvestisega tutvumise taotluse saamise ajaks kustutatud. Lisaks palume arvestada, et teiste salvestisele j\u00e4\u00e4nud isikute \u00f5iguste ja huvide kaitsmiseks peame muutma nende kujutise selliseks, et neid ei oleks v\u00f5imalik tuvastada (kujutise udustama), mist\u00f5ttu ei saa me tutvumist v\u00f5imaldada koheselt.<\/li>\n<\/ul>\n<p>&nbsp;<\/p>\n<p><strong>\u00a0<\/strong><\/p>\n<ol id=\"cookies\">\n<li><strong>K\u00dcPSISTE KASUTAMINE<\/strong><\/li>\n<\/ol>\n<ul>\n<li>Starki Veebileht kasutab k\u00fcpsiseid. K\u00fcpsised on v\u00e4ikesed tekstifailid, mis sisaldavad arvutisse talletatavat informatsiooni ning mida kasutatakse j\u00e4lgimiseks v\u00f5i tuvastamiseks.<\/li>\n<li>Veebileht kasutab j\u00e4rgmist t\u00fc\u00fcpi k\u00fcpsiseid:<\/li>\n<li>Kolmandate osapoolte k\u00fcpsised: Veebilehe parema toimimise ja parema pakkumise ja statistika kogumise eesm\u00e4rgil kasutame kolmandate osapoolte k\u00fcpsiseid (Google Analytics). Kolmandate osapoolte privaatsuspoliitika ja tingimustega saate tutvuda k\u00fcpsise tootja lehel: <a href=\"https:\/\/www.google.com\/policies\/technologies\/cookies\/\">https:\/\/www.google.com\/policies\/technologies\/cookies\/<\/a>.<\/li>\n<li>Klassifitseerimata k\u00fcpsised: K\u00fcpsised, mille t\u00fc\u00fcp ei ole veel kindlaks m\u00e4\u00e4ratud.<\/li>\n<li>T\u00e4psemalt kasutab Veebileht j\u00e4rgmiseid k\u00fcpsiseid:<\/li>\n<\/ul>\n<table>\n<tbody>\n<tr>\n<td width=\"122\"><strong>K\u00fcpsis <\/strong><\/td>\n<td width=\"235\"><strong>Kirjeldus<\/strong><\/td>\n<td width=\"87\"><strong>Kehtivus<\/strong><\/td>\n<td width=\"122\"><strong>T\u00fc\u00fcp<\/strong><\/td>\n<\/tr>\n<tr>\n<td width=\"122\">_ga_CBXXK03GP3<\/td>\n<td width=\"235\">Google Analytics poolt kasutatav k\u00fcpsis, mis v\u00f5imaldab seanssi\/k\u00fclastust s\u00e4ilitada.<\/td>\n<td width=\"87\">1 aasta ja 1 kuu<\/td>\n<td width=\"122\">Kolmanda osapoole anal\u00fc\u00fctika k\u00fcpsis<\/td>\n<\/tr>\n<tr>\n<td width=\"122\">_ga<\/td>\n<td width=\"235\">Google Analyticsi installitud _ga k\u00fcpsis arvutab k\u00fclastajate, seansside ja kampaaniate andmed ning j\u00e4lgib saidi anal\u00fc\u00fctilise aruande jaoks ka saidi kasutamist. K\u00fcpsis salvestab teabe anon\u00fc\u00fcmselt ja m\u00e4\u00e4rab unikaalsete k\u00fclastajate tuvastamiseks juhuslikult genereeritud numbri. Google privaatsustingimuste kohta saad rohkem lugeda siit: <a href=\"https:\/\/policies.google.com\/privacy\">https:\/\/policies.google.com\/privacy<\/a><\/td>\n<td width=\"87\">1 aasta ja 1 kuu<\/td>\n<td width=\"122\">Kolmanda osapoole anal\u00fc\u00fctika k\u00fcpsis<\/td>\n<\/tr>\n<tr>\n<td width=\"122\">cookielawinfo-checkbox-necessary<\/td>\n<td width=\"235\"><\/td>\n<td width=\"87\">1 aasta<\/td>\n<td width=\"122\">Klassifitseerimata k\u00fcpsis<\/td>\n<\/tr>\n<tr>\n<td width=\"122\">cookielawinfo-checkbox-non-necessary<\/td>\n<td width=\"235\"><\/td>\n<td width=\"87\">1 aasta<\/td>\n<td width=\"122\">Klassifitseerimata k\u00fcpsis<\/td>\n<\/tr>\n<\/tbody>\n<\/table>\n<p>&nbsp;<\/p>\n<ul>\n<li>Teil on \u00f5igus oma veebibrauseri s\u00e4tteid muutes k\u00fcpsiste kasutamine igal ajal keelata. Sellisel juhul palun arvestage, et Veebilehe k\u00f5ik funktsioonid ei pruugi korrektselt t\u00f6\u00f6tada. K\u00fcpsiseid on v\u00f5imalik keelata veebibrauseri \u201ehelp\u201c v\u00f5i \u201eabi\u201c funktsiooni juhiseid j\u00e4rgides. Rohkem informatsiooni selle kohta, kuidas k\u00fcpsised t\u00f6\u00f6tavad v\u00f5i kuidas k\u00fcpsiseid keelata v\u00f5ite leida ka veebilehelt <a href=\"http:\/\/www.allaboutcookies.org\">allaboutcookies.org<\/a>.<\/li>\n<\/ul>\n<p><strong>\u00a0<\/strong><\/p>\n<ol start=\"8\">\n<li><strong>ANDMESUBJEKTI \u00d5IGUSED<\/strong><\/li>\n<\/ol>\n<ul>\n<li>Stark tagab k\u00f5ik kehtivast \u00f5igusest andmesubjektile tulenevad \u00f5igused.<\/li>\n<\/ul>\n<ul>\n<li>Igal andmesubjektil on muu hulgas j\u00e4rgmised \u00f5igused:<\/li>\n<\/ul>\n<ul>\n<li><u>juurdep\u00e4\u00e4su\u00f5igus:<\/u> \u00f5igus igal ajal k\u00fcsida, kas Starkil on tema kohta isikuandmeid v\u00f5i mitte ning saada teavet selle kohta, milliseid isikuandmeid Stark tema kohta t\u00f6\u00f6tleb;<\/li>\n<li><u>\u00f5igus isikuandmete parandamisele<\/u>: \u00f5igus taotleda Starkilt oma isikuandmete t\u00e4psustamist v\u00f5i parandamist, kui need on ebapiisavad, puudulikud v\u00f5i valed;<\/li>\n<li><u>\u00f5igus vastuv\u00e4idete esitamisele<\/u>: \u00f5igus esitada Starkile vastuv\u00e4iteid oma isikuandmete t\u00f6\u00f6tlemise suhtes, n\u00e4iteks siis, kui Isikuandmete kasutamine p\u00f5hineb Stark \u00f5igustatud huvil;<\/li>\n<li><u>\u00f5igus n\u00f5uda Isikuandmete kustutamist<\/u>: \u00f5igus taotleda isikuandmete kustutamist, n\u00e4iteks siis, kui isikuandmeid t\u00f6\u00f6deldakse andmesubjekti n\u00f5usolekul ja andmesubjekt on n\u00f5usoleku tagasi v\u00f5tnud;<\/li>\n<li><u>\u00f5igus piirata t\u00f6\u00f6tlemist<\/u>: \u00f5igus n\u00f5uda, et Stark piiraks isikuandmete t\u00f6\u00f6tlemise kehtiva \u00f5iguse alusel, n\u00e4iteks siis, kui Stark ei vaja enam isikuandmeid t\u00f6\u00f6tlemise eesm\u00e4rkide saavutamiseks v\u00f5i kui andmesubjekt on esitanud isikuandmete t\u00f6\u00f6tlemise suhtes vastuv\u00e4ite;<\/li>\n<li><u>\u00f5igus v\u00f5tta isikuandmete t\u00f6\u00f6tlemiseks antud n\u00f5usolek tagasi<\/u>: kui isikuandmete t\u00f6\u00f6tlemine p\u00f5hineb andmesubjekti antud n\u00f5usolekul, on andmesubjektil igal ajal \u00f5igus Starkile antud n\u00f5usolek tagasi v\u00f5tta;<\/li>\n<li><u>\u00f5igus andmete \u00fclekantavusele<\/u>: \u00f5igus saada Starkilt isikuandmed, mida t\u00f6\u00f6taja on ise Starkile esitanud ning mida t\u00f6\u00f6deldakse andmesubjekti n\u00f5usoleku alusel v\u00f5i andmesubjektiga s\u00f5lmitud lepingu t\u00e4itmiseks kirjalikult v\u00f5i \u00fcldkasutatavas elektroonilises vormingus, ning, kui see on tehniliselt v\u00f5imalik, n\u00f5uda, et Stark edastaks need andmed m\u00f5nele muule vastutavale t\u00f6\u00f6tlejale;<\/li>\n<li><u>\u00f5igus esitada kaebus<\/u>: Kui t\u00f6\u00f6taja leiab, et tema Isikuandmete t\u00f6\u00f6tlemisel on rikutud tema \u00f5igusi, on tal alati \u00f5igus p\u00f6\u00f6rduda n\u00f5ude v\u00f5i kaebusega Andmekaitse Inspektsiooni poole \u2013 Tatari 39, 10134 Tallinn, <a href=\"mailto:info@aki.ee\">info@aki.ee<\/a>, <a href=\"http:\/\/www.aki.ee\">aki.ee<\/a>.<\/li>\n<li>Andmesubjekti k\u00e4esolevas peat\u00fckis loetletud \u00f5igused seoses tema isikuandmete t\u00f6\u00f6tlemisega ei ole t\u00e4ielikud \u00f5igused. Teatud juhtudel v\u00f5ivad teiste andmesubjektide \u00f5igused v\u00f5i Stark juriidilised kohustused piirata andmesubjekti \u00f5igusi.<\/li>\n<li>Isikuandmete t\u00f6\u00f6tlemisega kaasnevate \u00f5iguste teostamiseks v\u00f5i isikuandmete t\u00f6\u00f6tlemisega seotud taotluste esitamiseks v\u00f5tke palun \u00fchendust alltoodud jaotises \u201eKontakt\u201c toodud kontaktandmetel v\u00f5i p\u00f6\u00f6rduge oma otsese \u00fclemuse v\u00f5i personalit\u00f6\u00f6taja poole.<\/li>\n<\/ul>\n<p>&nbsp;<\/p>\n<ol start=\"9\">\n<li><strong>ISIKUANDMETE TURVALISUS<\/strong><\/li>\n<\/ol>\n<ul>\n<li>Stark kohustub tagama isikuandmete t\u00f6\u00f6tlemise turvalisuse, eesm\u00e4rgiga kaitsta isikuandmeid tahtmatu v\u00f5i volitamata t\u00f6\u00f6tlemise, avalikuks tuleku v\u00f5i h\u00e4vimise eest.<\/li>\n<li>V\u00f5ttes arvesse teaduse ja tehnoloogia viimast arengut ja rakendamise kulusid ning isikuandmete t\u00f6\u00f6tlemise laadi, ulatust, konteksti ja eesm\u00e4rke, samuti t\u00f6\u00f6tlemisest tulenevaid andmesubjektide \u00f5igusi ja vabadusi \u00e4hvardavaid erineva t\u00f5en\u00e4osuse ja suurusega ohte, rakendab Stark isikuandmete t\u00f6\u00f6tlemisel asjakohaseid tehnilisi ja korralduslikke meetmeid isikuandmete turvalisuse tagamiseks.<\/li>\n<\/ul>\n<p>&nbsp;<\/p>\n<ol start=\"10\">\n<li><strong>KONTAKT<\/strong><\/li>\n<\/ol>\n<ul>\n<li>Isikuandmete t\u00f6\u00f6tlemisega seotud k\u00fcsimuste korral v\u00f5i isikuandmete t\u00f6\u00f6tlemisega seotud taotluste esitamiseks, v\u00f5tke palun \u00fchendust Starkiga telefoni, e-posti v\u00f5i posti teel.<\/li>\n<\/ul>\n<p><strong>\u00dcldised kontaktandmed on: <\/strong><\/p>\n<p><strong>Stark Logistics AS<\/strong><\/p>\n<p>Meistri tee 5, 76617 Harju maakond, Eesti<\/p>\n<p><a href=\"mailto:starklogistics@starklogistics.ee\">starklogistics@starklogistics.ee<\/a><\/p>\n<p>+372 6699862<\/p>\n<p><strong>\u00a0<\/strong><\/p>\n<p><strong>Stark Warehousing O\u00dc<\/strong><\/p>\n<p>Meistri tee 5, 76617 Harju maakond, Eesti<\/p>\n<p><a href=\"mailto:info@starwarehousing.ee\">info@starwarehousing.ee<\/a><\/p>\n          <\/div>\r\n        <\/div>\r\n      <\/div>\r\n    <\/div>\r\n<\/section>\r\n","protected":false},"excerpt":{"rendered":"","protected":false},"author":8,"featured_media":0,"parent":0,"menu_order":104,"comment_status":"closed","ping_status":"closed","template":"","meta":{"inline_featured_image":false,"footnotes":""},"class_list":["post-51219","page","type-page","status-publish","hentry"],"acf":[],"_links":{"self":[{"href":"https:\/\/starklogistics.ee\/en\/wp-json\/wp\/v2\/pages\/51219","targetHints":{"allow":["GET"]}}],"collection":[{"href":"https:\/\/starklogistics.ee\/en\/wp-json\/wp\/v2\/pages"}],"about":[{"href":"https:\/\/starklogistics.ee\/en\/wp-json\/wp\/v2\/types\/page"}],"author":[{"embeddable":true,"href":"https:\/\/starklogistics.ee\/en\/wp-json\/wp\/v2\/users\/8"}],"replies":[{"embeddable":true,"href":"https:\/\/starklogistics.ee\/en\/wp-json\/wp\/v2\/comments?post=51219"}],"version-history":[{"count":9,"href":"https:\/\/starklogistics.ee\/en\/wp-json\/wp\/v2\/pages\/51219\/revisions"}],"predecessor-version":[{"id":54128,"href":"https:\/\/starklogistics.ee\/en\/wp-json\/wp\/v2\/pages\/51219\/revisions\/54128"}],"wp:attachment":[{"href":"https:\/\/starklogistics.ee\/en\/wp-json\/wp\/v2\/media?parent=51219"}],"curies":[{"name":"wp","href":"https:\/\/api.w.org\/{rel}","templated":true}]}}